{"id":25397,"date":"2022-09-23T16:46:10","date_gmt":"2022-09-23T14:46:10","guid":{"rendered":"https:\/\/isapa.hr\/board-members\/"},"modified":"2022-09-23T16:53:37","modified_gmt":"2022-09-23T14:53:37","slug":"board-members","status":"publish","type":"page","link":"https:\/\/isapa.hr\/en\/board-members\/","title":{"rendered":"Board members"},"content":{"rendered":"<p>[vc_row][vc_column][vc_column_text]<\/p>\n<h2 style=\"text-align: left;\">PRESIDENT:<\/h2>\n<p style=\"text-align: left;\">Damir Car<\/p>\n<h2 style=\"text-align: left;\">VICE PRESIDENTS:<\/h2>\n<p style=\"text-align: left;\">Vilim Doma\u010dinovi\u0107,<br \/>\nPetar Glava\u0161,<br \/>\nMiroslav Ili\u0107,<br \/>\nFilip \u0160tefi\u010di\u0107<\/p>\n<p>[\/vc_column_text][\/vc_column][\/vc_row]<\/p>\n","protected":false},"excerpt":{"rendered":"<p>[vc_row][vc_column][vc_column_text] PRESIDENT: Damir Car VICE PRESIDENTS: Vilim Doma\u010dinovi\u0107, Petar Glava\u0161, Miroslav Ili\u0107, Filip \u0160tefi\u010di\u0107 [\/vc_column_text][\/vc_column][\/vc_row]<\/p>\n","protected":false},"author":1,"featured_media":0,"parent":0,"menu_order":0,"comment_status":"closed","ping_status":"closed","template":"","meta":[],"_links":{"self":[{"href":"https:\/\/isapa.hr\/en\/wp-json\/wp\/v2\/pages\/25397"}],"collection":[{"href":"https:\/\/isapa.hr\/en\/wp-json\/wp\/v2\/pages"}],"about":[{"href":"https:\/\/isapa.hr\/en\/wp-json\/wp\/v2\/types\/page"}],"author":[{"embeddable":true,"href":"https:\/\/isapa.hr\/en\/wp-json\/wp\/v2\/users\/1"}],"replies":[{"embeddable":true,"href":"https:\/\/isapa.hr\/en\/wp-json\/wp\/v2\/comments?post=25397"}],"version-history":[{"count":3,"href":"https:\/\/isapa.hr\/en\/wp-json\/wp\/v2\/pages\/25397\/revisions"}],"predecessor-version":[{"id":25400,"href":"https:\/\/isapa.hr\/en\/wp-json\/wp\/v2\/pages\/25397\/revisions\/25400"}],"wp:attachment":[{"href":"https:\/\/isapa.hr\/en\/wp-json\/wp\/v2\/media?parent=25397"}],"curies":[{"name":"wp","href":"https:\/\/api.w.org\/{rel}","templated":true}]}}